{"id":442,"date":"2026-03-31T10:55:15","date_gmt":"2026-03-31T02:55:15","guid":{"rendered":"http:\/\/localhost\/?post_type=product&#038;p=442"},"modified":"2026-03-31T11:03:12","modified_gmt":"2026-03-31T03:03:12","slug":"nm360-steel-plate-nm360-plate","status":"publish","type":"product","link":"https:\/\/www.jycomat.com\/tr\/urun\/nm360-steel-plate-nm360-plate\/","title":{"rendered":"NM360 Steel Plate (NM360 Plate)"},"content":{"rendered":"<div data-elementor-type=\"product-post\" data-elementor-id=\"442\" class=\"elementor elementor-442\" data-elementor-post-type=\"product\">\n\t\t\t\t<div class=\"elementor-element elementor-element-0102e2d e-con-full e-flex e-con e-parent\" data-id=\"0102e2d\" data-element_type=\"container\" data-e-type=\"container\">\n\t\t\t\t<div class=\"elementor-element elementor-element-6ccb9ad elementor-widget elementor-widget-text-editor\" data-id=\"6ccb9ad\" data-element_type=\"widget\" data-e-type=\"widget\" data-widget_type=\"text-editor.default\">\n\t\t\t\t\t\t\t\t\t<p>NM360 steel plates, which are mainly used for occasions or parts that need wear-resistant, to provide protection, to make the equipment life longer, to reduce the maintenance and shutdown caused by maintenance, and to reduce the investment of funds accordingly.<\/p><p>\u00a0<\/p><h3>Product Parameters<\/h3><div><table><tbody><tr class=\"firstRow\"><td><p>\u00dcr\u00fcn Ad\u0131<\/p><\/td><td><p>NM360 Wear Steel Plate (NM360 Plate)<\/p><\/td><\/tr><tr><td><p>Production Process<\/p><\/td><td><p>Cutting, Bending, Polishing, etc.<\/p><\/td><\/tr><tr><td><p>Common Grades<\/p><\/td><td><p>NM260,\u00a0NM300,\u00a0NM360,NM350,\u00a0NM400,\u00a0NM450,\u00a0NM500,\u00a0NM550,\u00a0NM600,\u00a0etc.<\/p><\/td><\/tr><tr><td><p>Geni\u015flik<\/p><\/td><td><p>100mm-3500mm<\/p><\/td><\/tr><tr><td><p>Uzunluk<\/p><\/td><td><p>1m-18m,\u00a0or Customized Size<\/p><\/td><\/tr><tr><td><p>Kal\u0131nl\u0131k<\/p><\/td><td><p>0.4mm-80mm<\/p><\/td><\/tr><tr><td><p>Y\u00fczey<\/p><\/td><td><p>Oiled, Black Painted, Shot Blasted, Hot Dipped Galvanized,\u00a0Checkered, etc.<\/p><\/td><\/tr><\/tbody><\/table><\/div><h3>Uses of Wear Resistant Plates<\/h3><p>Wear Resistant Steel Plates are used in the construction of buildings and bridges in addition to being used for kitchenware and appliances like cutlery and plates. Wear Resistant Plates can be used in a variety of materials, including cast iron, ductile iron, high-carbon steel, low-carbon steel, and stainless steel.\u00a0These Plates are used in industries where moving components are exposed to impact and abrasion. They can be made from a variety of materials, they provide greater abrasion resistance and can help prevent metal parts from scratching.<\/p>\t\t\t\t\t\t\t\t<\/div>\n\t\t\t\t<\/div>\n\t\t\t\t<\/div>","protected":false},"excerpt":{"rendered":"<p>NM360 steel plate is widely used in mining machinery, coal mining machinery, environmental protection machinery, engineering machinery, etc., and is also commonly used as a high-strength structural steel with yield strength \u2265700MPa.<\/p>","protected":false},"featured_media":367,"comment_status":"open","ping_status":"closed","template":"","meta":{"site-sidebar-layout":"no-sidebar","site-content-layout":"","ast-site-content-layout":"full-width-container","site-content-style":"default","site-sidebar-style":"default","ast-global-header-display":"","ast-banner-title-visibility":"","ast-main-header-display":"","ast-hfb-above-header-display":"","ast-hfb-below-header-display":"","ast-hfb-mobile-header-display":"","site-post-title":"","ast-breadcrumbs-content":"","ast-featured-img":"disabled","footer-sml-layout":"","ast-disable-related-posts":"","theme-transparent-header-meta":"default","adv-header-id-meta":"","stick-header-meta":"","header-above-stick-meta":"","header-main-stick-meta":"","header-below-stick-meta":"","astra-migrate-meta-layouts":"set","ast-page-background-enabled":"default","ast-page-background-meta":{"desktop":{"background-color":"var(--ast-global-color-5)","background-image":"","background-repeat":"repeat","background-position":"center center","background-size":"auto","background-attachment":"scroll","background-type":"","background-media":"","overlay-type":"","overlay-color":"","overlay-opacity":"","overlay-gradient":""},"tablet":{"background-color":"","background-image":"","background-repeat":"repeat","background-position":"center center","background-size":"auto","background-attachment":"scroll","background-type":"","background-media":"","overlay-type":"","overlay-color":"","overlay-opacity":"","overlay-gradient":""},"mobile":{"background-color":"","background-image":"","background-repeat":"repeat","background-position":"center center","background-size":"auto","background-attachment":"scroll","background-type":"","background-media":"","overlay-type":"","overlay-color":"","overlay-opacity":"","overlay-gradient":""}},"ast-content-background-meta":{"desktop":{"background-color":"var(--ast-global-color-4)","background-image":"","background-repeat":"repeat","background-position":"center center","background-size":"auto","background-attachment":"scroll","background-type":"","background-media":"","overlay-type":"","overlay-color":"","overlay-opacity":"","overlay-gradient":""},"tablet":{"background-color":"var(--ast-global-color-4)","background-image":"","background-repeat":"repeat","background-position":"center center","background-size":"auto","background-attachment":"scroll","background-type":"","background-media":"","overlay-type":"","overlay-color":"","overlay-opacity":"","overlay-gradient":""},"mobile":{"background-color":"var(--ast-global-color-4)","background-image":"","background-repeat":"repeat","background-position":"center center","background-size":"auto","background-attachment":"scroll","background-type":"","background-media":"","overlay-type":"","overlay-color":"","overlay-opacity":"","overlay-gradient":""}}},"product_brand":[],"product_cat":[29],"product_tag":[39],"class_list":{"0":"post-442","1":"product","2":"type-product","3":"status-publish","4":"has-post-thumbnail","6":"product_cat-wear-resistant-steel-plate","7":"product_tag-steel-plate","8":"desktop-align-left","9":"tablet-align-left","10":"mobile-align-left","12":"first","13":"instock","14":"shipping-taxable","15":"product-type-simple"},"_links":{"self":[{"href":"https:\/\/www.jycomat.com\/tr\/wp-json\/wp\/v2\/product\/442","targetHints":{"allow":["GET"]}}],"collection":[{"href":"https:\/\/www.jycomat.com\/tr\/wp-json\/wp\/v2\/product"}],"about":[{"href":"https:\/\/www.jycomat.com\/tr\/wp-json\/wp\/v2\/types\/product"}],"replies":[{"embeddable":true,"href":"https:\/\/www.jycomat.com\/tr\/wp-json\/wp\/v2\/comments?post=442"}],"version-history":[{"count":5,"href":"https:\/\/www.jycomat.com\/tr\/wp-json\/wp\/v2\/product\/442\/revisions"}],"predecessor-version":[{"id":453,"href":"https:\/\/www.jycomat.com\/tr\/wp-json\/wp\/v2\/product\/442\/revisions\/453"}],"wp:featuredmedia":[{"embeddable":true,"href":"https:\/\/www.jycomat.com\/tr\/wp-json\/wp\/v2\/media\/367"}],"wp:attachment":[{"href":"https:\/\/www.jycomat.com\/tr\/wp-json\/wp\/v2\/media?parent=442"}],"wp:term":[{"taxonomy":"product_brand","embeddable":true,"href":"https:\/\/www.jycomat.com\/tr\/wp-json\/wp\/v2\/product_brand?post=442"},{"taxonomy":"product_cat","embeddable":true,"href":"https:\/\/www.jycomat.com\/tr\/wp-json\/wp\/v2\/product_cat?post=442"},{"taxonomy":"product_tag","embeddable":true,"href":"https:\/\/www.jycomat.com\/tr\/wp-json\/wp\/v2\/product_tag?post=442"}],"curies":[{"name":"wp","href":"https:\/\/api.w.org\/{rel}","templated":true}]}}