{"id":1377,"date":"2026-04-02T15:55:13","date_gmt":"2026-04-02T07:55:13","guid":{"rendered":"https:\/\/www.jycomat.com\/?post_type=product&#038;p=1377"},"modified":"2026-04-02T16:01:17","modified_gmt":"2026-04-02T08:01:17","slug":"nickel-270-plate-sheet","status":"publish","type":"product","link":"https:\/\/www.jycomat.com\/tr\/urun\/nickel-270-plate-sheet\/","title":{"rendered":"Nickel 270 Plate\/Sheet"},"content":{"rendered":"<div data-elementor-type=\"product-post\" data-elementor-id=\"1377\" class=\"elementor elementor-1377\" data-elementor-post-type=\"product\">\n\t\t\t\t<div class=\"elementor-element elementor-element-1b3f332 e-flex e-con-boxed e-con e-parent\" data-id=\"1b3f332\" data-element_type=\"container\" data-e-type=\"container\">\n\t\t\t\t\t<div class=\"e-con-inner\">\n\t\t\t\t<div class=\"elementor-element elementor-element-2437e77 elementor-widget elementor-widget-text-editor\" data-id=\"2437e77\" data-element_type=\"widget\" data-e-type=\"widget\" data-widget_type=\"text-editor.default\">\n\t\t\t\t\t\t\t\t\t<h3>\u015eartname<\/h3><div id=\"cTCUwDD\">\u00a0<\/div><div id=\"cgpmMMj\"><div data-source=\"detailed_info\" data-companylabeltext=\"\" data-defaultvalue=\"\u6b64\u5904\u663e\u793a\u4ea7\u54c1\u8be6\u60c5\"><div><div><table cellspacing=\"0\" cellpadding=\"0\"><tbody><tr class=\"firstRow\" data-rows=\"1\" data-type=\"even\"><td data-col=\"1\">\u00dcr\u00fcn Ad\u0131<\/td><td>Nikel 201<\/td><\/tr><tr data-type=\"odd\"><td data-col=\"1\">Tip<\/td><td>Levha, Rulo, \u015eerit, Boru, \u00c7ubuk<\/td><\/tr><tr data-type=\"even\"><td data-col=\"1\">Kal\u0131nl\u0131k<\/td><td>0.3-150mm<\/td><\/tr><tr data-type=\"odd\"><td data-col=\"1\">Uzunluk<\/td><td>3000mm\uff0c5800mm\uff0c6000mm\uff0c9000mm\uff0c12000mm\uff0cetc.<\/td><\/tr><tr data-type=\"even\"><td data-col=\"1\">Geni\u015flik<\/td><td>40mm-600mm, 1000mm, 1219mm, 1500mm, 1800mm, 2000mm, 2500mm, 3000mm, 3500mm, vb<\/td><\/tr><tr data-type=\"odd\"><td data-col=\"1\">Standart<\/td><td>ASTM, JIS, AISI, GB, DIN, EN<\/td><\/tr><tr data-type=\"even\"><td data-col=\"1\">Y\u00fczey<\/td><td>BA\uff0c2B\uff0cNO.1\uff0cNO.4\uff0c4K\uff0cHL\uff0c8K<\/td><\/tr><tr data-type=\"odd\"><td data-col=\"1\">Sertifikasyon<\/td><td>ISO, SGS<\/td><\/tr><tr data-type=\"even\"><td data-col=\"1\">Teknik<\/td><td>So\u011fuk Haddelenmi\u015f, S\u0131cak Haddelenmi\u015f<\/td><\/tr><tr data-type=\"odd\"><td data-col=\"1\">Kenar<\/td><td>Freze Kenar\u0131 Yar\u0131k Kenar<\/td><\/tr><tr data-type=\"even\"><td data-col=\"1\">Kalite<\/td><td>SGS G\u00f6zetim<\/td><\/tr><tr data-type=\"odd\"><td data-col=\"1\">Fiyat D\u00f6nemi<\/td><td>CIF CFR FOB EX-WORK<\/td><\/tr><tr data-type=\"even\"><td data-col=\"1\">\u00d6deme Ko\u015fullar\u0131\u00a0<\/td><td>T \/ T L \/ C ve Western Union vb.<\/td><\/tr><tr data-type=\"odd\"><td data-col=\"1\">Uygulama<\/td><td>Y\u00fcksek s\u0131cakl\u0131k ve elektrik end\u00fcstrisinde, t\u0131bbi cihazlarda, in\u015faatta, kimyada, g\u0131da end\u00fcstrisinde, tar\u0131mda ve gemi bile\u015fenlerinde yayg\u0131n olarak kullan\u0131lmaktad\u0131r. Ayr\u0131ca yiyecek ve i\u00e7ecek ambalajlar\u0131, mutfak malzemeleri, trenler, u\u00e7aklar, konvey\u00f6r bantlar\u0131, ara\u00e7lar, c\u0131vatalar, somunlar, yaylar ve elek a\u011flar\u0131 vb. i\u00e7in de ge\u00e7erlidir.\u00a0<\/td><\/tr><\/tbody><\/table><\/div><\/div><\/div><\/div><div id=\"ccHnzLv\"><div><div id=\"cMyiOFS\"><div id=\"c19ACCA\"><div><h3>\u00a0<\/h3><h3>\u00a0<\/h3><h3>A\u00e7\u0131klama<\/h3><\/div><\/div><div id=\"cPoJojG\">\u00a0<\/div><div id=\"cAuAMBU\"><div data-source=\"detailed_info2\" data-companylabeltext=\"\" data-defaultvalue=\"\"><div><div><table cellspacing=\"0\" cellpadding=\"0\"><tbody><tr class=\"firstRow\"><td>MALZEMELER<\/td><td>GB<\/td><td>ASME\/ASTM<\/td><td>DIN<\/td><td>JIS<\/td><td>SPES\u0130F\u0130K GRAV\u0130TE g\/cm3\u00a0<\/td><td>\u0130\u00c7ER\u0130K<\/td><\/tr><tr><td>N\u0130KEL<\/td><td>N4<\/td><td>N02201<\/td><td>2.4068<\/td><td>NLC<\/td><td>8.9<\/td><td>99Ni-0.15Fe-0.2Mn-0.1Si-0.1Cu-0.10C<\/td><\/tr><tr><td>N\u0130KEL<\/td><td>N6<\/td><td>N02200<\/td><td>2.4066<\/td><td>NNC<\/td><td>8.9<\/td><td>99Ni-0.15Fe-0.2Mn-0.1Si-0.1Cu-0.10C<\/td><\/tr><tr><td>N\u0130KEL<\/td><td>\u00a0<\/td><td>N02270<\/td><td>2.4050\u00a0<\/td><td>\u00a0<\/td><td>8.9<\/td><td>99.9Ni-0.02Fe-0.001Mn-0.002Si-0.005Cu-0.01C<\/td><\/tr><\/tbody><\/table><\/div><\/div><\/div><\/div><\/div><\/div><\/div>\t\t\t\t\t\t\t\t<\/div>\n\t\t\t\t\t<\/div>\n\t\t\t\t<\/div>\n\t\t\t\t<\/div>","protected":false},"excerpt":{"rendered":"<p>Paketleme ve Teslimat:<br \/>\nTeslimat: 10-15 g\u00fcn i\u00e7inde veya miktar dikkate al\u0131narak<br \/>\nNakliye: D\u00f6kme veya Konteynerler ile;<br \/>\nTedarik yetene\u011fi: 3000 metrik ton\/ay;<br \/>\n\u00d6deme ko\u015fullar\u0131 L \/ C, T \/ T;<br \/>\nPaketleme:<br \/>\nKonteyner veya d\u00f6kme gemi ile paketlenebilir.<br \/>\nStandart ihracat denize uygun paket, \u00fcr\u00fcn\u00fcn boyutuna g\u00f6re demetli \u00e7elik kay\u0131\u015f kullan\u0131r.<br \/>\n\u0130htiyac\u0131n\u0131za g\u00f6re yapabiliriz.<\/p>","protected":false},"featured_media":1378,"comment_status":"closed","ping_status":"closed","template":"","meta":{"site-sidebar-layout":"no-sidebar","site-content-layout":"","ast-site-content-layout":"full-width-container","site-content-style":"default","site-sidebar-style":"default","ast-global-header-display":"","ast-banner-title-visibility":"","ast-main-header-display":"","ast-hfb-above-header-display":"","ast-hfb-below-header-display":"","ast-hfb-mobile-header-display":"","site-post-title":"","ast-breadcrumbs-content":"","ast-featured-img":"disabled","footer-sml-layout":"","ast-disable-related-posts":"","theme-transparent-header-meta":"default","adv-header-id-meta":"","stick-header-meta":"","header-above-stick-meta":"","header-main-stick-meta":"","header-below-stick-meta":"","astra-migrate-meta-layouts":"set","ast-page-background-enabled":"default","ast-page-background-meta":{"desktop":{"background-color":"var(--ast-global-color-5)","background-image":"","background-repeat":"repeat","background-position":"center center","background-size":"auto","background-attachment":"scroll","background-type":"","background-media":"","overlay-type":"","overlay-color":"","overlay-opacity":"","overlay-gradient":""},"tablet":{"background-color":"","background-image":"","background-repeat":"repeat","background-position":"center center","background-size":"auto","background-attachment":"scroll","background-type":"","background-media":"","overlay-type":"","overlay-color":"","overlay-opacity":"","overlay-gradient":""},"mobile":{"background-color":"","background-image":"","background-repeat":"repeat","background-position":"center center","background-size":"auto","background-attachment":"scroll","background-type":"","background-media":"","overlay-type":"","overlay-color":"","overlay-opacity":"","overlay-gradient":""}},"ast-content-background-meta":{"desktop":{"background-color":"var(--ast-global-color-4)","background-image":"","background-repeat":"repeat","background-position":"center center","background-size":"auto","background-attachment":"scroll","background-type":"","background-media":"","overlay-type":"","overlay-color":"","overlay-opacity":"","overlay-gradient":""},"tablet":{"background-color":"var(--ast-global-color-4)","background-image":"","background-repeat":"repeat","background-position":"center center","background-size":"auto","background-attachment":"scroll","background-type":"","background-media":"","overlay-type":"","overlay-color":"","overlay-opacity":"","overlay-gradient":""},"mobile":{"background-color":"var(--ast-global-color-4)","background-image":"","background-repeat":"repeat","background-position":"center center","background-size":"auto","background-attachment":"scroll","background-type":"","background-media":"","overlay-type":"","overlay-color":"","overlay-opacity":"","overlay-gradient":""}}},"product_brand":[],"product_cat":[23],"product_tag":[62],"class_list":{"0":"post-1377","1":"product","2":"type-product","3":"status-publish","4":"has-post-thumbnail","6":"product_cat-nickel-alloy-steel","7":"product_tag-nickel","8":"desktop-align-left","9":"tablet-align-left","10":"mobile-align-left","12":"first","13":"instock","14":"shipping-taxable","15":"product-type-simple"},"_links":{"self":[{"href":"https:\/\/www.jycomat.com\/tr\/wp-json\/wp\/v2\/product\/1377","targetHints":{"allow":["GET"]}}],"collection":[{"href":"https:\/\/www.jycomat.com\/tr\/wp-json\/wp\/v2\/product"}],"about":[{"href":"https:\/\/www.jycomat.com\/tr\/wp-json\/wp\/v2\/types\/product"}],"replies":[{"embeddable":true,"href":"https:\/\/www.jycomat.com\/tr\/wp-json\/wp\/v2\/comments?post=1377"}],"version-history":[{"count":4,"href":"https:\/\/www.jycomat.com\/tr\/wp-json\/wp\/v2\/product\/1377\/revisions"}],"predecessor-version":[{"id":1384,"href":"https:\/\/www.jycomat.com\/tr\/wp-json\/wp\/v2\/product\/1377\/revisions\/1384"}],"wp:featuredmedia":[{"embeddable":true,"href":"https:\/\/www.jycomat.com\/tr\/wp-json\/wp\/v2\/media\/1378"}],"wp:attachment":[{"href":"https:\/\/www.jycomat.com\/tr\/wp-json\/wp\/v2\/media?parent=1377"}],"wp:term":[{"taxonomy":"product_brand","embeddable":true,"href":"https:\/\/www.jycomat.com\/tr\/wp-json\/wp\/v2\/product_brand?post=1377"},{"taxonomy":"product_cat","embeddable":true,"href":"https:\/\/www.jycomat.com\/tr\/wp-json\/wp\/v2\/product_cat?post=1377"},{"taxonomy":"product_tag","embeddable":true,"href":"https:\/\/www.jycomat.com\/tr\/wp-json\/wp\/v2\/product_tag?post=1377"}],"curies":[{"name":"wp","href":"https:\/\/api.w.org\/{rel}","templated":true}]}}