{"id":1221,"date":"2026-04-02T10:50:32","date_gmt":"2026-04-02T02:50:32","guid":{"rendered":"http:\/\/localhost\/?post_type=product&#038;p=1221"},"modified":"2026-04-02T10:53:05","modified_gmt":"2026-04-02T02:53:05","slug":"hastelloy-c-2000-bar","status":"publish","type":"product","link":"https:\/\/www.jycomat.com\/hu\/termek\/hastelloy-c-2000-bar\/","title":{"rendered":"Hastelloy C-2000 Bar"},"content":{"rendered":"<div data-elementor-type=\"product-post\" data-elementor-id=\"1221\" class=\"elementor elementor-1221\" data-elementor-post-type=\"product\">\n\t\t\t\t<div class=\"elementor-element elementor-element-dcc35c1 e-flex e-con-boxed e-con e-parent\" data-id=\"dcc35c1\" data-element_type=\"container\" data-e-type=\"container\">\n\t\t\t\t\t<div class=\"e-con-inner\">\n\t\t\t\t<div class=\"elementor-element elementor-element-909d360 elementor-widget elementor-widget-text-editor\" data-id=\"909d360\" data-element_type=\"widget\" data-e-type=\"widget\" data-widget_type=\"text-editor.default\">\n\t\t\t\t\t\t\t\t\t<h3>Hastelloy Term\u00e9kszabv\u00e1nyok<\/h3><div><table><thead><tr class=\"firstRow\"><th>Fokozatok<\/th><th>Lemezek (ASTM\/ASME)<\/th><th>Rudak (ASTM\/ASME)<\/th><th>Varrat n\u00e9lk\u00fcli cs\u0151 (ASTM\/ASME)<\/th><th>Hegesztett cs\u0151 (ASTM\/ASME)<\/th><th>Szerelv\u00e9nyek (ASTM\/ASME)<\/th><th>Kov\u00e1csolt alkatr\u00e9szek\/karim\u00e1k\/szelepek (ASTM\/ASME)<\/th><\/tr><\/thead><tbody><tr><td>Hastelloy B-3<\/td><td>SB333\/B333<\/td><td>SB335\/B335<\/td><td>SB622\/B622<\/td><td>SB619\/B619, SB626\/B626<\/td><td>SB366\/B366<\/td><td>SB564\/B564<\/td><\/tr><tr><td>Hastelloy C-276<\/td><td>SB575\/B575<\/td><td>SB574\/B574<\/td><td>SB622\/B622<\/td><td>SB619\/B619, SB626\/B626<\/td><td>SB366\/B366<\/td><td>SB564\/B564<\/td><\/tr><tr><td>Hastelloy C-22<\/td><td>SB575\/B575<\/td><td>SB574\/B574<\/td><td>SB622\/B622<\/td><td>SB619\/B619, SB626\/B626<\/td><td>SB366\/B366<\/td><td>SB564\/B564<\/td><\/tr><tr><td>Hastelloy C-2000<\/td><td>SB575\/B575<\/td><td>SB574\/B574<\/td><td>SB622\/B622<\/td><td>SB619\/B619, SB626\/B626<\/td><td>SB366\/B366<\/td><td>SB564\/B564<\/td><\/tr><tr><td>Hastelloy G-30<\/td><td>SB582\/B582<\/td><td>SB581\/B581<\/td><td>SB622\/B622<\/td><td>SB619\/B619, SB626\/B626<\/td><td>SB366\/B366<\/td><td>SB564\/B564<\/td><\/tr><tr><td>Hastelloy G-35<\/td><td>B575<\/td><td>B574<\/td><td>B622<\/td><td>B619\/B619, B626\/B626<\/td><td>B366<\/td><td>B462<\/td><\/tr><tr><td>Hastelloy X<\/td><td>SB435\/B435, AMS 5536<\/td><td>SB572\/B572, AMS 5754<\/td><td>SB622\/B622<\/td><td>SB619\/B619<\/td><td>B366<\/td><td>AMS 5754<\/td><\/tr><\/tbody><\/table><\/div><h2>\u00a0<\/h2><h2>\u00a0<\/h2><h3>A Hastelloy \u00f6tv\u00f6zetek el\u0151nyei<\/h3><p>A Hastelloy, mint nagy teljes\u00edtm\u00e9ny\u0171 nikkelalap\u00fa \u00f6tv\u00f6zet, a k\u00f6vetkez\u0151 kiemelked\u0151 egyedi el\u0151ny\u00f6kkel rendelkezik:<\/p><h4>\u00a0<\/h4><h4>1.Kiv\u00e1l\u00f3 korr\u00f3zi\u00f3\u00e1ll\u00f3s\u00e1g:<\/h4><p>M\u00e1s f\u00e9mes anyagokkal \u00f6sszehasonl\u00edtva a Hastelloy kiv\u00e1l\u00f3an viselkedik a durva korr\u00f3zi\u00f3s k\u00f6rnyezetben, p\u00e9ld\u00e1ul er\u0151s savakban, er\u0151s l\u00fagokban \u00e9s k\u00fcl\u00f6nf\u00e9le szerves old\u00f3szerekben, rendk\u00edv\u00fcl magas korr\u00f3zi\u00f3\u00e1ll\u00f3s\u00e1got biztos\u00edtva.<\/p><h4>\u00a0<\/h4><h4>2.Excellent magas h\u0151m\u00e9rs\u00e9klet\u0171 teljes\u00edtm\u00e9ny:<\/h4><p>A Hastelloy kiv\u00e1l\u00f3 magas h\u0151m\u00e9rs\u00e9klet\u0171 szil\u00e1rds\u00e1ggal \u00e9s stabilit\u00e1ssal rendelkezik, k\u00e9pes kiv\u00e1l\u00f3 mechanikai tulajdons\u00e1gokat fenntartani magas h\u0151m\u00e9rs\u00e9klet\u0171 k\u00f6rnyezetben, alkalmas magas h\u0151m\u00e9rs\u00e9klet\u0171 munkahelyekre a rep\u00fcl\u0151g\u00e9piparban, az aut\u00f3iparban \u00e9s m\u00e1s ter\u00fcleteken.<\/p><h4>\u00a0<\/h4><h4>3.J\u00f3 feldolgoz\u00e1si teljes\u00edtm\u00e9ny:<\/h4><p>M\u00e1s nehezen megmunk\u00e1lhat\u00f3 f\u00e9manyagokkal \u00f6sszehasonl\u00edtva a Hastelloy k\u00f6nnyen feldolgozhat\u00f3, hegeszthet\u0151 \u00e9s h\u0151kezelhet\u0151, ami cs\u00f6kkenti a gy\u00e1rt\u00e1si neh\u00e9zs\u00e9geket \u00e9s k\u00f6lts\u00e9geket.<\/p><h4>\u00a0<\/h4><h4>4:<\/h4><p>Kiv\u00e1l\u00f3 korr\u00f3zi\u00f3\u00e1ll\u00f3s\u00e1ga, magas h\u0151m\u00e9rs\u00e9kleti szil\u00e1rds\u00e1ga \u00e9s j\u00f3 feldolgoz\u00e1si teljes\u00edtm\u00e9nye miatt a Hastelloy-t sz\u00e9les k\u00f6rben haszn\u00e1lj\u00e1k a vegyiparban, az olaj- \u00e9s g\u00e1ziparban, a rep\u00fcl\u0151g\u00e9piparban, az aut\u00f3iparban \u00e9s m\u00e1s ter\u00fcleteken.<\/p><h4>\u00a0<\/h4><h4>5.Stable hossz\u00fa t\u00e1v\u00fa teljes\u00edtm\u00e9ny:<\/h4><p>M\u00e1s f\u00e9manyagokkal \u00f6sszehasonl\u00edtva a Hastelloy hossz\u00fa t\u00e1von stabil teljes\u00edtm\u00e9nyt k\u00e9pes fenntartani a legk\u00fcl\u00f6nb\u00f6z\u0151bb \u00f6sszetett k\u00f6rnyezetekben, biztos\u00edtva a berendez\u00e9sek \u00e9s rendszerek megb\u00edzhat\u00f3s\u00e1g\u00e1t.<\/p><p>\u00d6sszefoglalva, a Hastelloy kiemelked\u0151 el\u0151ny\u00f6kkel rendelkezik, mint p\u00e9ld\u00e1ul kiv\u00e1l\u00f3 korr\u00f3zi\u00f3\u00e1ll\u00f3s\u00e1g, kiv\u00e1l\u00f3 magas h\u0151m\u00e9rs\u00e9kleti teljes\u00edtm\u00e9ny, j\u00f3 feldolgoz\u00e1si teljes\u00edtm\u00e9ny, sz\u00e9les k\u00f6r\u0171 alkalmaz\u00e1sok \u00e9s stabil hossz\u00fa t\u00e1v\u00fa teljes\u00edtm\u00e9ny, ami fontos anyagg\u00e1 teszi az ipari ter\u00fcleten.<\/p>\t\t\t\t\t\t\t\t<\/div>\n\t\t\t\t\t<\/div>\n\t\t\t\t<\/div>\n\t\t\t\t<\/div>","protected":false},"excerpt":{"rendered":"<p>Term\u00e9koszt\u00e1lyok: Hastelloy C-22, Hastelloy C-276, Hastelloy C-2000, Hastelloy X, Hastelloy B-2, W.Nr. 2.4819, 2.4602, 2.4675, 2.4617, UNS N06022, N10276, N06200, N06002, N10665.<br \/>\nV\u00e9grehajt\u00e1si szabv\u00e1nyok: B575, ASTM B619, ASTM B622, ASTM B626, ASME SB575, ASME SB619, ASME SB622, ASME SB626.<br \/>\nTan\u00fas\u00edt\u00e1s: ISO9001:2015.<br \/>\nJellemz\u0151k:<br \/>\nKiv\u00e1l\u00f3 korr\u00f3zi\u00f3\u00e1ll\u00f3s\u00e1g oxid\u00e1l\u00f3 \u00e9s reduk\u00e1l\u00f3 k\u00f6rnyezetben.<br \/>\nNagy szil\u00e1rds\u00e1g \u00e9s tart\u00f3ss\u00e1g sz\u00e9ls\u0151s\u00e9ges h\u0151m\u00e9rs\u00e9kleten \u00e9s nyom\u00e1son.<br \/>\nKiv\u00e1l\u00f3 ellen\u00e1ll\u00e1s a lyuk- \u00e9s r\u00e9skorr\u00f3zi\u00f3val, valamint a fesz\u00fclts\u00e9gkorr\u00f3zi\u00f3s reped\u00e9sekkel szemben.<\/p>","protected":false},"featured_media":1196,"comment_status":"closed","ping_status":"closed","template":"","meta":{"site-sidebar-layout":"no-sidebar","site-content-layout":"","ast-site-content-layout":"full-width-container","site-content-style":"default","site-sidebar-style":"default","ast-global-header-display":"","ast-banner-title-visibility":"","ast-main-header-display":"","ast-hfb-above-header-display":"","ast-hfb-below-header-display":"","ast-hfb-mobile-header-display":"","site-post-title":"","ast-breadcrumbs-content":"","ast-featured-img":"disabled","footer-sml-layout":"","ast-disable-related-posts":"","theme-transparent-header-meta":"default","adv-header-id-meta":"","stick-header-meta":"","header-above-stick-meta":"","header-main-stick-meta":"","header-below-stick-meta":"","astra-migrate-meta-layouts":"set","ast-page-background-enabled":"default","ast-page-background-meta":{"desktop":{"background-color":"var(--ast-global-color-5)","background-image":"","background-repeat":"repeat","background-position":"center center","background-size":"auto","background-attachment":"scroll","background-type":"","background-media":"","overlay-type":"","overlay-color":"","overlay-opacity":"","overlay-gradient":""},"tablet":{"background-color":"","background-image":"","background-repeat":"repeat","background-position":"center center","background-size":"auto","background-attachment":"scroll","background-type":"","background-media":"","overlay-type":"","overlay-color":"","overlay-opacity":"","overlay-gradient":""},"mobile":{"background-color":"","background-image":"","background-repeat":"repeat","background-position":"center center","background-size":"auto","background-attachment":"scroll","background-type":"","background-media":"","overlay-type":"","overlay-color":"","overlay-opacity":"","overlay-gradient":""}},"ast-content-background-meta":{"desktop":{"background-color":"var(--ast-global-color-4)","background-image":"","background-repeat":"repeat","background-position":"center center","background-size":"auto","background-attachment":"scroll","background-type":"","background-media":"","overlay-type":"","overlay-color":"","overlay-opacity":"","overlay-gradient":""},"tablet":{"background-color":"var(--ast-global-color-4)","background-image":"","background-repeat":"repeat","background-position":"center center","background-size":"auto","background-attachment":"scroll","background-type":"","background-media":"","overlay-type":"","overlay-color":"","overlay-opacity":"","overlay-gradient":""},"mobile":{"background-color":"var(--ast-global-color-4)","background-image":"","background-repeat":"repeat","background-position":"center center","background-size":"auto","background-attachment":"scroll","background-type":"","background-media":"","overlay-type":"","overlay-color":"","overlay-opacity":"","overlay-gradient":""}}},"product_brand":[],"product_cat":[24],"product_tag":[61],"class_list":{"0":"post-1221","1":"product","2":"type-product","3":"status-publish","4":"has-post-thumbnail","6":"product_cat-hastelloy-alloys","7":"product_tag-hastelloy","8":"desktop-align-left","9":"tablet-align-left","10":"mobile-align-left","12":"first","13":"instock","14":"shipping-taxable","15":"product-type-simple"},"_links":{"self":[{"href":"https:\/\/www.jycomat.com\/hu\/wp-json\/wp\/v2\/product\/1221","targetHints":{"allow":["GET"]}}],"collection":[{"href":"https:\/\/www.jycomat.com\/hu\/wp-json\/wp\/v2\/product"}],"about":[{"href":"https:\/\/www.jycomat.com\/hu\/wp-json\/wp\/v2\/types\/product"}],"replies":[{"embeddable":true,"href":"https:\/\/www.jycomat.com\/hu\/wp-json\/wp\/v2\/comments?post=1221"}],"version-history":[{"count":4,"href":"https:\/\/www.jycomat.com\/hu\/wp-json\/wp\/v2\/product\/1221\/revisions"}],"predecessor-version":[{"id":1225,"href":"https:\/\/www.jycomat.com\/hu\/wp-json\/wp\/v2\/product\/1221\/revisions\/1225"}],"wp:featuredmedia":[{"embeddable":true,"href":"https:\/\/www.jycomat.com\/hu\/wp-json\/wp\/v2\/media\/1196"}],"wp:attachment":[{"href":"https:\/\/www.jycomat.com\/hu\/wp-json\/wp\/v2\/media?parent=1221"}],"wp:term":[{"taxonomy":"product_brand","embeddable":true,"href":"https:\/\/www.jycomat.com\/hu\/wp-json\/wp\/v2\/product_brand?post=1221"},{"taxonomy":"product_cat","embeddable":true,"href":"https:\/\/www.jycomat.com\/hu\/wp-json\/wp\/v2\/product_cat?post=1221"},{"taxonomy":"product_tag","embeddable":true,"href":"https:\/\/www.jycomat.com\/hu\/wp-json\/wp\/v2\/product_tag?post=1221"}],"curies":[{"name":"wp","href":"https:\/\/api.w.org\/{rel}","templated":true}]}}