{"id":1377,"date":"2026-04-02T15:55:13","date_gmt":"2026-04-02T07:55:13","guid":{"rendered":"https:\/\/www.jycomat.com\/?post_type=product&#038;p=1377"},"modified":"2026-04-02T16:01:17","modified_gmt":"2026-04-02T08:01:17","slug":"nickel-270-plate-sheet","status":"publish","type":"product","link":"https:\/\/www.jycomat.com\/de\/produkt\/nickel-270-plate-sheet\/","title":{"rendered":"Nickel 270 Plate\/Sheet"},"content":{"rendered":"<div data-elementor-type=\"product-post\" data-elementor-id=\"1377\" class=\"elementor elementor-1377\" data-elementor-post-type=\"product\">\n\t\t\t\t<div class=\"elementor-element elementor-element-1b3f332 e-flex e-con-boxed e-con e-parent\" data-id=\"1b3f332\" data-element_type=\"container\" data-e-type=\"container\">\n\t\t\t\t\t<div class=\"e-con-inner\">\n\t\t\t\t<div class=\"elementor-element elementor-element-2437e77 elementor-widget elementor-widget-text-editor\" data-id=\"2437e77\" data-element_type=\"widget\" data-e-type=\"widget\" data-widget_type=\"text-editor.default\">\n\t\t\t\t\t\t\t\t\t<h3>Spezifikation<\/h3><div id=\"cTCUwDD\">\u00a0<\/div><div id=\"cgpmMMj\"><div data-source=\"detailed_info\" data-companylabeltext=\"\" data-defaultvalue=\"\u6b64\u5904\u663e\u793a\u4ea7\u54c1\u8be6\u60c5\"><div><div><table cellspacing=\"0\" cellpadding=\"0\"><tbody><tr class=\"firstRow\" data-rows=\"1\" data-type=\"even\"><td data-col=\"1\">Produktname<\/td><td>Nickel 201<\/td><\/tr><tr data-type=\"odd\"><td data-col=\"1\">Typ<\/td><td>Platte, Coil, Band, Rohr, Stange<\/td><\/tr><tr data-type=\"even\"><td data-col=\"1\">Dicke<\/td><td>0,3-150 mm<\/td><\/tr><tr data-type=\"odd\"><td data-col=\"1\">L\u00e4nge<\/td><td>3000mm\uff0c5800mm\uff0c6000mm\uff0c9000mm\uff0c12000mm\uff0cetc.<\/td><\/tr><tr data-type=\"even\"><td data-col=\"1\">Breite<\/td><td>40mm-600mm, 1000mm, 1219mm, 1500mm, 1800mm, 2000mm, 2500mm, 3000mm, 3500mm, etc<\/td><\/tr><tr data-type=\"odd\"><td data-col=\"1\">Standard<\/td><td>ASTM\uff0cJIS, AISI, GB, DIN, EN<\/td><\/tr><tr data-type=\"even\"><td data-col=\"1\">Oberfl\u00e4che<\/td><td>BA\uff0c2B\uff0cNR.1\uff0cNR.4\uff0c4K\uff0cHL\uff0c8K<\/td><\/tr><tr data-type=\"odd\"><td data-col=\"1\">Zertifizierung<\/td><td>ISO, SGS<\/td><\/tr><tr data-type=\"even\"><td data-col=\"1\">Technik<\/td><td>Kaltgewalzt, warmgewalzt<\/td><\/tr><tr data-type=\"odd\"><td data-col=\"1\">Kante<\/td><td>Fr\u00e4skante Schlitzkante<\/td><\/tr><tr data-type=\"even\"><td data-col=\"1\">Qualit\u00e4t<\/td><td>SGS-Inspektion<\/td><\/tr><tr data-type=\"odd\"><td data-col=\"1\">Preis Laufzeit<\/td><td>CIF CFR FOB AB WERK<\/td><\/tr><tr data-type=\"even\"><td data-col=\"1\">Zahlungsbedingungen\u00a0<\/td><td>T\/T L\/C und Western Union usw.<\/td><\/tr><tr data-type=\"odd\"><td data-col=\"1\">Anmeldung<\/td><td>Es wird h\u00e4ufig in der Hochtemperatur- und Elektroindustrie, in medizinischen Ger\u00e4ten, im Bauwesen, in der Chemie, in der Lebensmittelindustrie, in der Landwirtschaft und f\u00fcr Schiffskomponenten verwendet. Es wird auch f\u00fcr Lebensmittel- und Getr\u00e4nkeverpackungen, K\u00fcchenzubeh\u00f6r, Z\u00fcge, Flugzeuge, F\u00f6rderb\u00e4nder, Fahrzeuge, Schrauben, Muttern, Federn und Siebgewebe usw. verwendet.\u00a0<\/td><\/tr><\/tbody><\/table><\/div><\/div><\/div><\/div><div id=\"ccHnzLv\"><div><div id=\"cMyiOFS\"><div id=\"c19ACCA\"><div><h3>\u00a0<\/h3><h3>\u00a0<\/h3><h3>Beschreibung<\/h3><\/div><\/div><div id=\"cPoJojG\">\u00a0<\/div><div id=\"cAuAMBU\"><div data-source=\"detailed_info2\" data-companylabeltext=\"\" data-defaultvalue=\"\"><div><div><table cellspacing=\"0\" cellpadding=\"0\"><tbody><tr class=\"firstRow\"><td>MATERIALIEN<\/td><td>GB<\/td><td>ASME\/ASTM<\/td><td>DIN<\/td><td>JIS<\/td><td>SPEZIFISCHE GESCHWINDIGKEIT g\/cm3\u00a0<\/td><td>INHALT<\/td><\/tr><tr><td>NICKEL<\/td><td>N4<\/td><td>N02201<\/td><td>2.4068<\/td><td>NLC<\/td><td>8.9<\/td><td>99Ni-0.15Fe-0.2Mn-0.1Si-0.1Cu-0.10C<\/td><\/tr><tr><td>NICKEL<\/td><td>N6<\/td><td>N02200<\/td><td>2.4066<\/td><td>NNC<\/td><td>8.9<\/td><td>99Ni-0.15Fe-0.2Mn-0.1Si-0.1Cu-0.10C<\/td><\/tr><tr><td>NICKEL<\/td><td>\u00a0<\/td><td>N02270<\/td><td>2.4050\u00a0<\/td><td>\u00a0<\/td><td>8.9<\/td><td>99.9Ni-0.02Fe-0.001Mn-0.002Si-0.005Cu-0.01C<\/td><\/tr><\/tbody><\/table><\/div><\/div><\/div><\/div><\/div><\/div><\/div>\t\t\t\t\t\t\t\t<\/div>\n\t\t\t\t\t<\/div>\n\t\t\t\t<\/div>\n\t\t\t\t<\/div>","protected":false},"excerpt":{"rendered":"<p>Verpackung und Lieferung:<br \/>\n\u25cf Lieferung: innerhalb von 10-15 Tagen oder unter Ber\u00fccksichtigung der Menge<br \/>\n\u25cf Transport: Als Sch\u00fcttgut oder in Containern;<br \/>\n\u25cf Lieferf\u00e4higkeit: 3000 Tonnen\/Monat;<br \/>\n\u25cf Zahlungsbedingungen L\/C, T\/T;<br \/>\nVerpacken:<br \/>\n\u25cf Es kann per Container oder Sch\u00fcttgutbeh\u00e4lter verpackt werden.<br \/>\n\u25cf Standard-Export seet\u00fcchtig Paket, es verwenden Stahlband mit B\u00fcndel nach Gr\u00f6\u00dfe des Produkts.<br \/>\n\u25cf Wir k\u00f6nnen es nach Ihren Anforderungen herstellen.<\/p>","protected":false},"featured_media":1378,"comment_status":"closed","ping_status":"closed","template":"","meta":{"site-sidebar-layout":"no-sidebar","site-content-layout":"","ast-site-content-layout":"full-width-container","site-content-style":"default","site-sidebar-style":"default","ast-global-header-display":"","ast-banner-title-visibility":"","ast-main-header-display":"","ast-hfb-above-header-display":"","ast-hfb-below-header-display":"","ast-hfb-mobile-header-display":"","site-post-title":"","ast-breadcrumbs-content":"","ast-featured-img":"disabled","footer-sml-layout":"","ast-disable-related-posts":"","theme-transparent-header-meta":"default","adv-header-id-meta":"","stick-header-meta":"","header-above-stick-meta":"","header-main-stick-meta":"","header-below-stick-meta":"","astra-migrate-meta-layouts":"set","ast-page-background-enabled":"default","ast-page-background-meta":{"desktop":{"background-color":"var(--ast-global-color-5)","background-image":"","background-repeat":"repeat","background-position":"center center","background-size":"auto","background-attachment":"scroll","background-type":"","background-media":"","overlay-type":"","overlay-color":"","overlay-opacity":"","overlay-gradient":""},"tablet":{"background-color":"","background-image":"","background-repeat":"repeat","background-position":"center center","background-size":"auto","background-attachment":"scroll","background-type":"","background-media":"","overlay-type":"","overlay-color":"","overlay-opacity":"","overlay-gradient":""},"mobile":{"background-color":"","background-image":"","background-repeat":"repeat","background-position":"center center","background-size":"auto","background-attachment":"scroll","background-type":"","background-media":"","overlay-type":"","overlay-color":"","overlay-opacity":"","overlay-gradient":""}},"ast-content-background-meta":{"desktop":{"background-color":"var(--ast-global-color-4)","background-image":"","background-repeat":"repeat","background-position":"center center","background-size":"auto","background-attachment":"scroll","background-type":"","background-media":"","overlay-type":"","overlay-color":"","overlay-opacity":"","overlay-gradient":""},"tablet":{"background-color":"var(--ast-global-color-4)","background-image":"","background-repeat":"repeat","background-position":"center center","background-size":"auto","background-attachment":"scroll","background-type":"","background-media":"","overlay-type":"","overlay-color":"","overlay-opacity":"","overlay-gradient":""},"mobile":{"background-color":"var(--ast-global-color-4)","background-image":"","background-repeat":"repeat","background-position":"center center","background-size":"auto","background-attachment":"scroll","background-type":"","background-media":"","overlay-type":"","overlay-color":"","overlay-opacity":"","overlay-gradient":""}}},"product_brand":[],"product_cat":[23],"product_tag":[62],"class_list":{"0":"post-1377","1":"product","2":"type-product","3":"status-publish","4":"has-post-thumbnail","6":"product_cat-nickel-alloy-steel","7":"product_tag-nickel","8":"desktop-align-left","9":"tablet-align-left","10":"mobile-align-left","12":"first","13":"instock","14":"shipping-taxable","15":"product-type-simple"},"_links":{"self":[{"href":"https:\/\/www.jycomat.com\/de\/wp-json\/wp\/v2\/product\/1377","targetHints":{"allow":["GET"]}}],"collection":[{"href":"https:\/\/www.jycomat.com\/de\/wp-json\/wp\/v2\/product"}],"about":[{"href":"https:\/\/www.jycomat.com\/de\/wp-json\/wp\/v2\/types\/product"}],"replies":[{"embeddable":true,"href":"https:\/\/www.jycomat.com\/de\/wp-json\/wp\/v2\/comments?post=1377"}],"version-history":[{"count":4,"href":"https:\/\/www.jycomat.com\/de\/wp-json\/wp\/v2\/product\/1377\/revisions"}],"predecessor-version":[{"id":1384,"href":"https:\/\/www.jycomat.com\/de\/wp-json\/wp\/v2\/product\/1377\/revisions\/1384"}],"wp:featuredmedia":[{"embeddable":true,"href":"https:\/\/www.jycomat.com\/de\/wp-json\/wp\/v2\/media\/1378"}],"wp:attachment":[{"href":"https:\/\/www.jycomat.com\/de\/wp-json\/wp\/v2\/media?parent=1377"}],"wp:term":[{"taxonomy":"product_brand","embeddable":true,"href":"https:\/\/www.jycomat.com\/de\/wp-json\/wp\/v2\/product_brand?post=1377"},{"taxonomy":"product_cat","embeddable":true,"href":"https:\/\/www.jycomat.com\/de\/wp-json\/wp\/v2\/product_cat?post=1377"},{"taxonomy":"product_tag","embeddable":true,"href":"https:\/\/www.jycomat.com\/de\/wp-json\/wp\/v2\/product_tag?post=1377"}],"curies":[{"name":"wp","href":"https:\/\/api.w.org\/{rel}","templated":true}]}}